{"id":110,"date":"2019-10-08T15:07:36","date_gmt":"2019-10-08T15:07:36","guid":{"rendered":"https:\/\/marathonmallorca.es\/?page_id=110"},"modified":"2023-11-22T08:13:17","modified_gmt":"2023-11-22T08:13:17","slug":"reglamento-2","status":"publish","type":"page","link":"https:\/\/marathonmallorca.es\/?page_id=110&lang=es","title":{"rendered":"La Carrera"},"content":{"rendered":"\n<p>Aqu\u00ed podr\u00e1s encontrar los reglamentos de las distintas distancias de la prueba:<\/p>\n\n\n\n<ul class=\"wp-block-list\"><li><a href=\"https:\/\/marathonmallorca.es\/?page_id=98\">XXXI Media Marat\u00f3n<\/a><\/li><li><a href=\"https:\/\/marathonmallorca.es\/?page_id=115\">XII 10km Port de Palma<\/a><\/li><\/ul>\n\n\n\n<p><\/p>\n","protected":false},"excerpt":{"rendered":"<p>Aqu\u00ed podr\u00e1s encontrar los reglamentos de las distintas distancias de la prueba: XXXI Media Marat\u00f3n XII 10km Port de Palma<\/p>\n","protected":false},"author":1,"featured_media":0,"parent":0,"menu_order":0,"comment_status":"closed","ping_status":"closed","template":"","meta":{"_EventAllDay":false,"_EventTimezone":"","_EventStartDate":"","_EventEndDate":"","_EventStartDateUTC":"","_EventEndDateUTC":"","_EventShowMap":false,"_EventShowMapLink":false,"_EventURL":"","_EventCost":"","_EventCostDescription":"","_EventCurrencySymbol":"","_EventCurrencyCode":"","_EventCurrencyPosition":"","_EventDateTimeSeparator":"","_EventTimeRangeSeparator":"","_EventOrganizerID":[],"_EventVenueID":[],"_OrganizerEmail":"","_OrganizerPhone":"","_OrganizerWebsite":"","_VenueAddress":"","_VenueCity":"","_VenueCountry":"","_VenueProvince":"","_VenueState":"","_VenueZip":"","_VenuePhone":"","_VenueURL":"","_VenueStateProvince":"","_VenueLat":"","_VenueLng":"","_VenueShowMap":false,"_VenueShowMapLink":false,"footnotes":""},"class_list":["post-110","page","type-page","status-publish","hentry"],"_links":{"self":[{"href":"https:\/\/marathonmallorca.es\/index.php?rest_route=\/wp\/v2\/pages\/110","targetHints":{"allow":["GET"]}}],"collection":[{"href":"https:\/\/marathonmallorca.es\/index.php?rest_route=\/wp\/v2\/pages"}],"about":[{"href":"https:\/\/marathonmallorca.es\/index.php?rest_route=\/wp\/v2\/types\/page"}],"author":[{"embeddable":true,"href":"https:\/\/marathonmallorca.es\/index.php?rest_route=\/wp\/v2\/users\/1"}],"replies":[{"embeddable":true,"href":"https:\/\/marathonmallorca.es\/index.php?rest_route=%2Fwp%2Fv2%2Fcomments&post=110"}],"version-history":[{"count":6,"href":"https:\/\/marathonmallorca.es\/index.php?rest_route=\/wp\/v2\/pages\/110\/revisions"}],"predecessor-version":[{"id":783,"href":"https:\/\/marathonmallorca.es\/index.php?rest_route=\/wp\/v2\/pages\/110\/revisions\/783"}],"wp:attachment":[{"href":"https:\/\/marathonmallorca.es\/index.php?rest_route=%2Fwp%2Fv2%2Fmedia&parent=110"}],"curies":[{"name":"wp","href":"https:\/\/api.w.org\/{rel}","templated":true}]}}