{"id":115,"date":"2019-10-08T15:24:04","date_gmt":"2019-10-08T15:24:04","guid":{"rendered":"https:\/\/marathonmallorca.es\/?page_id=115"},"modified":"2025-06-18T09:32:10","modified_gmt":"2025-06-18T09:32:10","slug":"reglamento-10km","status":"publish","type":"page","link":"https:\/\/marathonmallorca.es\/?page_id=115&lang=es","title":{"rendered":"Reglamento 10km"},"content":{"rendered":"\n<figure class=\"wp-block-image aligncenter size-medium\"><img loading=\"lazy\" decoding=\"async\" width=\"240\" height=\"300\" src=\"https:\/\/marathonmallorca.es\/wp-content\/uploads\/2025\/06\/Marathon-2-240x300.png\" alt=\"\" class=\"wp-image-971\" srcset=\"https:\/\/marathonmallorca.es\/wp-content\/uploads\/2025\/06\/Marathon-2-240x300.png 240w, https:\/\/marathonmallorca.es\/wp-content\/uploads\/2025\/06\/Marathon-2-819x1024.png 819w, https:\/\/marathonmallorca.es\/wp-content\/uploads\/2025\/06\/Marathon-2-768x960.png 768w, https:\/\/marathonmallorca.es\/wp-content\/uploads\/2025\/06\/Marathon-2.png 1080w\" sizes=\"auto, (max-width: 240px) 100vw, 240px\" \/><\/figure>\n\n\n\n<p><strong>Salida :<\/strong> 9h Av. Adolfo Su\u00e1rez-Parc de la Mar de Palma de Mallorca davant la catedral<\/p>\n\n\n\n<p><strong>Llegada :<\/strong> Parc de la Mar frente a la Catedral. <\/p>\n\n\n\n<p><strong>Recorrido:<\/strong> Cerrado al tr\u00e1fico por el Paseo Mar\u00edtimo, Paseo Sagrera, Autov\u00eda de Llevant (una sola vuelta). <\/p>\n\n\n\n<p><strong>Avituallamientos:<\/strong> Agua en Kms. 4-7 y en  llegada.  <\/p>\n\n\n\n<p><strong>Tiempo L\u00edmite:<\/strong> 1 hora 15 minutos, a partir de este tiempo, se cerrar\u00e1 el control. <\/p>\n\n\n\n<p><strong>Edad m\u00ednima:<\/strong> 18 a\u00f1os cumplidos el d\u00eda de la prueba. Los atletas mayores de 16 a\u00f1os que tengan autorizaci\u00f3n paterna o tutelar, tambi\u00e9n podr\u00e1n tomar parte de la competici\u00f3n.<\/p>\n\n\n\n<p><strong>Guardarropa:<\/strong> En salida y llegada, habr\u00e1 servicio guardarropa que cuide de las pertenencias de los atletas<\/p>\n\n\n\n<p><strong>Control y resultados:<\/strong> Se realizar\u00e1 mediante el sistema ChampionsChip por \u00abElitechip\u00bb.<\/p>\n\n\n\n<p><strong>Reclamaciones: <\/strong>Se cursar\u00e1n al director de la prueba por escrito, dentro de los 30 minutos posteriores de notificarse los resultados. <\/p>\n\n\n\n<p><strong>Clasificaciones:<\/strong> Habr\u00e1 una sola clasificaci\u00f3n general absoluta y por categorias, masculina y femenina, seg\u00fan normativa de la FAIB.<\/p>\n\n\n\n<p><strong>Obsequios:<\/strong> Al retirar su dorsal cada atleta recibir\u00e1 una bolsa con regalos y al entrar en meta recibir\u00e1n un obsequio conmemorativo de la carrera<\/p>\n\n\n\n<p><strong>M\u00e9dico Carrera: <\/strong>Habr\u00e1 un M\u00e9dico de Carrera, responsable de los servicios m\u00e9dicos. <\/p>\n\n\n\n<p>Todos los participantes con problemas f\u00edsicos, respiratorios, alergias, etc., que requieran atenciones especiales, deber\u00e1n hacerla saber a la Organizaci\u00f3n antes de iniciar la competici\u00f3n, haciendo\nreferencia del mismo al tramitarla inscripci\u00f3n, y el d\u00eda de la\ncompetici\u00f3n har\u00e1n constancia escrita en la parte posterior de su dorsal, de su problema m\u00e9dico espec\u00edfico. <\/p>\n\n\n\n<p>Los atletas mayores de 40 a\u00f1os, deber\u00e1n disponer de un certificado m\u00e9dico que acredite su aptitud f\u00edsica. <\/p>\n\n\n\n<p><strong>Ambulancias:<\/strong> Habr\u00e1 un servicio de ambulancias en la salida y llegada y en varios puntos del recorrido.<\/p>\n\n\n\n<p><strong>Seguro Carrera:<\/strong> Los participantes est\u00e1n cubiertos por una P\u00f3liza de Seguros de Accidentes y de Responsabilidad Civil, que cubrir\u00e1 el tratamiento de las lesiones que se produzcan los atletas, como consecuencia directa del desarrollo de la prueba, y nunca como derivaci\u00f3n de un padecimiento o tara latente, imprudencia, negligencia, inobservancia de las leyes y de las normas establecidas por la Organizaci\u00f3n, o por los da\u00f1os producidos en los desplazamientos al lugar donde se desarrolla la prueba, o de \u00e9ste a la residencia de los atletas.<\/p>\n\n\n\n<p><strong>Seguridad Carrera: <\/strong>Polic\u00eda Local de Palma, Polic\u00eda del Port de Palma y la Organizaci\u00f3n, son los encargados de la seguridad de la carrera, los atletas obedecer\u00e1n cuantas indicaciones reciban de las personas encargadas de su seguridad. <\/p>\n\n\n\n<p><strong>CONDICIONES GENERALES <\/strong><\/p>\n\n\n\n<p>El hecho de\ninscribirse y tomar parte en la prueba, implica la\ntotal aceptaci\u00f3n de las presentes normas; as\u00ed como de otras disposiciones que por cualquier causa pudiera tomar en su momento la\nOrganizaci\u00f3n. <\/p>\n\n\n\n<p>La\nOrganizaci\u00f3n se reserva la facultad de descalificar o\nexpulsar de la competici\u00f3n a los atletas; que falsifiquen <br>\ndatos sobre su personalidad, no completen el recorrido, tengan\nuna actitud antideportiva con otros participantes, etc. <\/p>\n\n\n\n<p>Los atletas\nfacilitar\u00e1n su identificaci\u00f3n a la Organizaci\u00f3n, en\ncaso de que \u00e9sta se lo requiera. <\/p>\n\n\n\n<p>Se impedir\u00e1 el acceso al circuito y tomar parte en la prueba, atletas sin dorsal que\nno hayan efectuado su inscripci\u00f3n reglamentaria. <\/p>\n\n\n\n<p>Los participantes se consideran a s\u00ed mismos aptos,\nf\u00edsica y s\u00edquicamente, para tomar parte en la competici\u00f3n, y se hacen totalmente responsables de cualquier da\u00f1o que\npueda sufrir su persona, fuera de la gravedad que fuere. <\/p>\n\n\n\n<p>La\nOrganizaci\u00f3n declina toda responsabilidad por los da\u00f1os morales, f\u00edsicos y materiales que puedan sufrir los <br>\nparticipantes<\/p>\n\n\n\n<p><strong>DISPOSICIONES ESPECIALES <\/strong><\/p>\n\n\n\n<p>1.<sup>a<\/sup>\n&#8211; Estas normas se hacen p\u00fablicas con car\u00e1cter\nprovisional, la Organizaci\u00f3n se reserva el derecho de poder <br>\ncambiarlas, seg\u00fan sus necesidades y criterios, lo que ser\u00eda notificado a los participantes, previamente al inicio de la competici\u00f3n.\n<\/p>\n\n\n\n<p>2.<sup>a<\/sup>\n&#8211; Si por cualquier causa ajena a la voluntad de la Organizaci\u00f3n, la prueba no se pudiera realizar en la fecha\nprogramada, la Organizaci\u00f3n no har\u00e1 devoluci\u00f3n del importe de la inscripci\u00f3n realizada por el atleta participante o persona autorizada, ya que el atleta seguir\u00e1 inscrito en la prueba hasta que esta se pueda desarrollar en otra nueva y futura fecha, que ser\u00e1 comunicada oportunamente a\ntodos los atletas inscritos.<\/p>\n\n\n\n<p>3.\u00aa &#8211; En caso de que el atleta inscrito no pudiese tomar parte en la prueba por motivos justificables (lesi\u00f3n, enfermedad, o imposibilidad de estar f\u00edsicamente este d\u00eda en Palma), la Organizaci\u00f3n no devolver\u00e1 el importe de la inscripci\u00f3n realizada para esta edici\u00f3n, sino que tras previa justificaci\u00f3n escrita y aceptada par la organizaci\u00f3n, su inscripci\u00f3n pasar\u00e1 a una pr\u00f3xima edici\u00f3n de la prueba.<\/p>\n","protected":false},"excerpt":{"rendered":"<p>Salida : 9h Av. Adolfo Su\u00e1rez-Parc de la Mar de Palma de Mallorca davant la catedral Llegada : Parc de la Mar frente a la Catedral. Recorrido: Cerrado al tr\u00e1fico [&hellip;]<\/p>\n","protected":false},"author":1,"featured_media":0,"parent":0,"menu_order":0,"comment_status":"closed","ping_status":"closed","template":"fullwidth.php","meta":{"_EventAllDay":false,"_EventTimezone":"","_EventStartDate":"","_EventEndDate":"","_EventStartDateUTC":"","_EventEndDateUTC":"","_EventShowMap":false,"_EventShowMapLink":false,"_EventURL":"","_EventCost":"","_EventCostDescription":"","_EventCurrencySymbol":"","_EventCurrencyCode":"","_EventCurrencyPosition":"","_EventDateTimeSeparator":"","_EventTimeRangeSeparator":"","_EventOrganizerID":[],"_EventVenueID":[],"_OrganizerEmail":"","_OrganizerPhone":"","_OrganizerWebsite":"","_VenueAddress":"","_VenueCity":"","_VenueCountry":"","_VenueProvince":"","_VenueState":"","_VenueZip":"","_VenuePhone":"","_VenueURL":"","_VenueStateProvince":"","_VenueLat":"","_VenueLng":"","_VenueShowMap":false,"_VenueShowMapLink":false,"footnotes":""},"class_list":["post-115","page","type-page","status-publish","hentry"],"_links":{"self":[{"href":"https:\/\/marathonmallorca.es\/index.php?rest_route=\/wp\/v2\/pages\/115","targetHints":{"allow":["GET"]}}],"collection":[{"href":"https:\/\/marathonmallorca.es\/index.php?rest_route=\/wp\/v2\/pages"}],"about":[{"href":"https:\/\/marathonmallorca.es\/index.php?rest_route=\/wp\/v2\/types\/page"}],"author":[{"embeddable":true,"href":"https:\/\/marathonmallorca.es\/index.php?rest_route=\/wp\/v2\/users\/1"}],"replies":[{"embeddable":true,"href":"https:\/\/marathonmallorca.es\/index.php?rest_route=%2Fwp%2Fv2%2Fcomments&post=115"}],"version-history":[{"count":23,"href":"https:\/\/marathonmallorca.es\/index.php?rest_route=\/wp\/v2\/pages\/115\/revisions"}],"predecessor-version":[{"id":977,"href":"https:\/\/marathonmallorca.es\/index.php?rest_route=\/wp\/v2\/pages\/115\/revisions\/977"}],"wp:attachment":[{"href":"https:\/\/marathonmallorca.es\/index.php?rest_route=%2Fwp%2Fv2%2Fmedia&parent=115"}],"curies":[{"name":"wp","href":"https:\/\/api.w.org\/{rel}","templated":true}]}}