{"id":281,"date":"2020-11-06T11:51:39","date_gmt":"2020-11-06T11:51:39","guid":{"rendered":"https:\/\/marathonmallorca.es\/?page_id=281"},"modified":"2021-07-12T09:40:09","modified_gmt":"2021-07-12T09:40:09","slug":"trail-running-palma-sky-line","status":"publish","type":"page","link":"https:\/\/marathonmallorca.es\/?page_id=281&lang=es","title":{"rendered":"Trail Running Palma Sky Line 2020"},"content":{"rendered":"\n<div class=\"wp-block-image\"><figure class=\"aligncenter size-large\"><img loading=\"lazy\" decoding=\"async\" width=\"593\" height=\"1024\" src=\"https:\/\/marathonmallorca.es\/wp-content\/uploads\/2020\/11\/20-10-17-palma-sky-line-foto_bo-final.jpeg-593x1024.jpg\" alt=\"\" class=\"wp-image-291\" srcset=\"https:\/\/marathonmallorca.es\/wp-content\/uploads\/2020\/11\/20-10-17-palma-sky-line-foto_bo-final.jpeg-593x1024.jpg 593w, https:\/\/marathonmallorca.es\/wp-content\/uploads\/2020\/11\/20-10-17-palma-sky-line-foto_bo-final.jpeg-174x300.jpg 174w, https:\/\/marathonmallorca.es\/wp-content\/uploads\/2020\/11\/20-10-17-palma-sky-line-foto_bo-final.jpeg.jpg 695w\" sizes=\"auto, (max-width: 593px) 100vw, 593px\" \/><\/figure><\/div>\n\n\n\n<p><strong>REGLAMENTO DE LA PRUEBA<\/strong><\/p>\n\n\n\n<p><strong>Art. 1.-<\/strong> El Club Marathon Mallorca, en colaboraci\u00f3n con la Federaci\u00f3 d\u2019Atletisme de les Illes Balears, organizar\u00e1 la \u201cI TRAIL-RUNNING PALMA SKY LINE &#8211; NIGHT\u201d y la \u201cI TRAIL-RUNNING PALMA SKY LINE &#8211; DAY\u201d, carrera pedestre por monta\u00f1a, que tendr\u00e1 su salida y llegada en el Polideportivo \u201cRudy Fern\u00e1ndez\u201d de Palma de Mallorca y que transitar\u00e1 por caminos de tierra compactada y senderos forestales en un circuito de 17 km, a la que tendr\u00e1n acceso solo los primeros 150 atletas inscritos masculinos\/femeninas en cada una de las pruebas, todos han de&nbsp; ser mayores de 18 a\u00f1os, con o sin licencia federativa.<br><br>Se considera una carrera de dificultad media<br>La prueba tendr\u00e1 lugar el s\u00e1bado d\u00eda 17 de octubre, a partir de las 17.00 horas, y el domingo 18 de octubre a las 9h, y para respetar al m\u00e1ximo las normas de protecci\u00f3n sanitaria por el COVID19, tendr\u00e1 un m\u00e1ximo de 150 atletas, a fin de que en ning\u00fan momento se puedan acumular demasiados atletas tanto en la salida como en la llegada y durante el recorrido de la prueba se pueda en ning\u00fan momento encontrarse o cruzarse:<br>\u2022&nbsp;Salida modalidad Rolling-Start, guardando la distancia de separaci\u00f3n de 1,5 metros entre atletas y 25 atletas cada 2 minutos<br><br><strong>Art. 2.-<\/strong> La organizaci\u00f3n dispone de seguro de responsabilidad civil y de asistencia sanitaria para todos los participantes. As\u00ed mismo contar\u00e1 con un servicio de ambulancia medicalizada y un m\u00e9dico de carrera.<br><br><strong>Art. 3.-<\/strong> El control t\u00e9cnico de la prueba correr\u00e1 a cargo del comit\u00e9 provincial de jueces de la Federaci\u00f3n Balear de Atletismo. Los atletas tienen la obligaci\u00f3n de acatar sus indicaciones, as\u00ed como las que vengan de la organizaci\u00f3n y agentes del orden. La organizaci\u00f3n no se hace responsable de los da\u00f1os morales o materiales causados a los participantes por deso\u00edr las indicaciones de estos.<br><br><strong>Art. 4.-<\/strong> Las inscripciones se podr\u00e1n formalizar en <a href=\"http:\/\/www.elitechip.net\/\">www.elitechip.net<\/a><br><br><strong>Art. 5.-<\/strong> El precio de inscripci\u00f3n es de 12 \u20ac hasta el 12 de octubre, 15 \u20ac hasta el jueves 15 de octubre a las 22.00 horas y 10,- euros m\u00e1s para las inscripciones fuera de plazo. Solo 150 participantes m\u00e1ximo.<br><br><strong>Art 6.- Premios<\/strong>.-Habr\u00e1 trofeos para los tres primeros participantes de cada categor\u00eda absoluta masculina y femenina.&nbsp;<br>Cada participante al finalizar el recorrido recibir\u00e1 una medalla conmemorativa de la prueba.<br>Se establecen las siguientes categor\u00edas a los efectos de clasificaci\u00f3n:<\/p>\n\n\n\n<ul class=\"wp-block-list\"><li>Absoluto Masculino y Femenina<\/li><li>Sub 20 M y F<\/li><li>Sub 23 M y F<\/li><li>Senior M y F<\/li><li>Veteranos 35 M y F<\/li><li>Veteranos 45 M y F<\/li><li>Veteranos 55 M y F<\/li><li>Veteranos 60 M y F<\/li><li>Veteranos m\u00e1s de 65 M&nbsp;&nbsp;<\/li><\/ul>\n\n\n\n<p><strong>Art 7. \u2013<\/strong> Cada participante puede llevar su propio avituallamiento personal. La carrera discurre por parajes de gran belleza paisaj\u00edstica por lo que queda terminantemente prohibido arrojar envoltorios o basura. Todos los envases deben ir numerados con el dorsal del corredor. La organizaci\u00f3n se reserva el derecho de revisar el material que vaya a llevar cada corredor antes de iniciar la carrera y confiscar\u00e1 todo lo que pueda ser arrojado si no va numerado. Si al acabar la carrera se hallan envoltorios numerados en el circuito, el corredor responsable de haberlos arrojado ser\u00e1 descalificado.<br>Habr\u00e1 un control de paso y avituallamiento de agua en botellines de 33 c.c. por persona, aproximadamente a mitad del recorrido, la manipulaci\u00f3n de cada botell\u00edn ser\u00e1 a cargo del participante, tanto para beberlo in situ como para rellenar su propio avituallamiento personal, los voluntarios de organizaci\u00f3n no tocar\u00e1n los materiales expuesto ni ayudar\u00e1n a los participantes, una vez usados los botellines los deber\u00e1n depositar en las bolsas de basura expuestas en el avituallamiento para que el personal de organizaci\u00f3n los retire.&nbsp;<br><br><strong>Art 8.-<\/strong> La prueba discurre por caminos y senderos, est\u00e1 convenientemente se\u00f1alizado y controlado por voluntarios de la organizaci\u00f3n. No obstante, corresponde a los participantes conocer el recorrido y tomar las precauciones necesarias.<br>En este enlace, se puede ver el recorrido.<\/p>\n\n\n\n<p>TRACK DEFINITIVO<\/p>\n\n\n\n<p><a href=\"https:\/\/connect.garmin.com\/modern\/activity\/5687968804\">https:\/\/connect.garmin.com\/modern\/activity\/5687968804<\/a><br><br><strong>Art. 9.-<\/strong> La recogida de dorsales se realizar\u00e1 el mismo d\u00eda 17 de octubre en el Polideportivo \u201cRudy Fern\u00e1ndez\u201d a partir de las 15.30 horas.&nbsp;<br>Los atletas que tengan dorsal y chip propio y personalizado de Elitechip para el a\u00f1o 2020, no tendr\u00e1n que realizar la recogida de dorsales para esta prueba, podr\u00e1n utilizar el asignado y personalizado para toda esta temporada.<br><br><strong>Art. 10.-<\/strong> La inscripci\u00f3n en la prueba supone aceptar y cumplir el reglamento.<br>Corresponde a cada participante asegurarse de que su estado de salud es el apropiado para resistir y disfrutar de este evento.&nbsp;<br>Se establece un tiempo m\u00e1ximo de 3 horas y 30 minutos.<br><br><strong>Art. 11.-<\/strong> La organizaci\u00f3n y participantes prestar\u00e1n especial atenci\u00f3n a los protocolos de seguridad e higiene que nos marquen las autoridades sanitarias para protegernos y proteger a los dem\u00e1s del COVID19.<br><br><strong>Art.12.-<\/strong> Al inscribirme en la I TRAIL-RUNNING PALMA SKY LINE &#8211; NIGHT, certifico que reconozco la naturaleza contagiosa del Covid-19 y asumo voluntariamente el riesgo al que me expongo al asistir a la prueba.<br>Recomendaciones generales b\u00e1sicas covid-19: Seguir las pautas marcadas por la legislaci\u00f3n vigente en cada momento de las administraciones competentes. En estos momentos:<\/p>\n\n\n\n<ul class=\"wp-block-list\"><li>\u2022&nbsp;Respetar la distancia de seguridad<\/li><li>\u2022&nbsp;Uso de mascarilla siempre que no sea posible mantener la distancia social<\/li><li>\u2022&nbsp;Lavarse las manos con frecuencia<\/li><\/ul>\n\n\n\n<p><strong>Especificaciones t\u00e9cnicas:<\/strong><br><strong>Control de temperatura:<\/strong> Los participantes deber\u00e1n acudir 10 minutos antes del inicio de la prueba manteniendo las distancias de seguridad y con mascarilla para el control de temperatura en la c\u00e1mara de llamada. Todo corredor que en el control d\u00e9 una temperatura superior a 37,4\u00ba se le prohibir\u00e1 su participaci\u00f3n, deber\u00e1 abandonar el recinto y acudir a su centro de salud.<br><strong>Parrilla de salida:<\/strong> Saldr\u00e1n en grupos de 25 atletas, se colocar\u00e1n en l\u00ednea de salida sobre las alfombras con mascarilla, en filas separadas por dos metros, cada 2 minutos ir\u00e1n tomando la salida y 10 segundos antes de la salida de cada grupo el comit\u00e9 de jueces de la prueba anunciar\u00e1 que se la quiten y la guarden, para al llegar a l\u00ednea de meta pon\u00e9rsela antes de dirigirse a recoger su avituallamiento de post-meta.<br><strong>Durante el transcurso de la prueba:<\/strong> Los participantes tienen totalmente prohibido compartir cualquier avituallamiento en general, debiendo de ser este de manera exclusivamente personal. Est\u00e1 prohibido escupir, dispersar agua sobre el cuerpo, y cualquier tipo de contacto f\u00edsico entre corredores.<br><strong>Finalizaci\u00f3n de la prueba:<\/strong> En l\u00ednea de meta estar\u00e1 acordonada la zona 50 metros antes de la l\u00ednea de meta y 50 metros despu\u00e9s en ambos lados. El resto de p\u00fablico deber\u00e1n guardar las distancias de seguridad y utilizar siempre la mascarilla si no es posible mantenerla.<\/p>\n\n\n\n<ul class=\"wp-block-list\"><li>\u2022&nbsp;Una vez finalizada la prueba estar\u00e1n prohibidas las aglomeraciones y los participantes deber\u00e1n despejar la zona.&nbsp;&nbsp;<\/li><li>\u2022&nbsp;El refrigerio al finalizar la prueba se entregar\u00e1 de manera individual, por parte de la organizaci\u00f3n, con mascarilla y guantes, al aire libre, sin que haya ning\u00fan producto expuesto y aplicando las medidas sanitarias generales.<\/li><li>\u2022&nbsp;Para cumplir al m\u00e1ximo con las medidas COVID19, no habr\u00e1 servicio de guardarropa, cada participante deber\u00e1 dejar sus pertenencias personales en sus veh\u00edculos propios o de personas de su confianza.<\/li><\/ul>\n\n\n\n<p>Entrega de premios: No habr\u00e1 entrega de premios post-carrera, los ganadores de los trofeos y medallas podr\u00e1n retirarlos en el mismo Polideportivo \u201cRudy Fern\u00e1ndez\u201d a partir del d\u00eda 19 de octubre en horario laboral en la recepci\u00f3n del centro.<br>Confiamos en que cada uno de vosotros act\u00fae de manera responsable, ya que dicho comportamiento contribuir\u00e1 al \u00e9xito de las tan deseadas competiciones.<br><br><br><br><strong>CONDICIONES GENERALES<\/strong><br>El hecho de inscribirse y tomar parte en la prueba, implica la total aceptaci\u00f3n de las presentes normas, as\u00ed como de otras disposiciones que por cualquier causa pudiera tomaren su momento la Organizaci\u00f3n.&nbsp;<br>La Organizaci\u00f3n se reserva la facultad de descalificar o expulsar de la competici\u00f3n a los atletas, que falsifiquen datos sobre su personalidad, no completen el recorrido, tengan una actitud antideportiva con otros participantes, etc.&nbsp;<br>Los atletas facilitar\u00e1n su identificaci\u00f3n a la Organizaci\u00f3n, en caso de que \u00e9sta se lo requiera.&nbsp;<br>Se impedir\u00e1 el acceso al circuito y tomar parte en la prueba, atletas sin dorsal que no hayan efectuado su inscripci\u00f3n reglamentaria.&nbsp;<br>Los participantes se consideran a s\u00ed mismos aptos, f\u00edsica y s\u00edquicamente, para tomar parte en la competici\u00f3n, y se hacen totalmente responsables de cualquier da\u00f1o que pueda sufrir su persona, fuera de la gravedad que fuere.&nbsp;<br>La Organizaci\u00f3n declina toda responsabilidad por los da\u00f1os morales, f\u00edsicos y materiales que puedan sufrir los participantes.&nbsp;<br><br><strong>DISPOSICIONES ESPECIALES<\/strong><br>1.\u00aa &#8211; Estas normas se hacen p\u00fablicas con car\u00e1cter provisional, la Organizaci\u00f3n se reserva el derecho de poder cambiarlas, seg\u00fan sus necesidades y criterios, lo que ser\u00eda notificado a los participantes, previamente al inicio de la competici\u00f3n.&nbsp;<br>2.\u00aa &#8211; Si por cualquier causa, ajena a la voluntad de la Organizaci\u00f3n: pandemias sanitarias, acciones terroristas, circunstancias clim\u00e1ticas, accidentes o cortes de tramos de circuitos, denegaci\u00f3n de autorizaci\u00f3n gubernativa por cualquier causa o pretexto, etc., la prueba no se pudiera realizar en la fecha programada, o en caso de que la persona inscrita no pudiese tomar parte en la prueba por motivos justificables (lesi\u00f3n, enfermedad, o imposibilidad de estar f\u00edsicamente este d\u00eda en el lugar de la salida), la Organizaci\u00f3n no har\u00e1 la devoluci\u00f3n total del importe de la inscripci\u00f3n realizada por el participante o persona autorizada, solo se podr\u00e1 reclamar el 75 % del importe de la inscripci\u00f3n, el otro 25 % quedar\u00e1 en poder de la organizaci\u00f3n para sufragar los gastos de gesti\u00f3n de cada participante, como comisiones bancarias, seguros, confecci\u00f3n de dorsal u otros gastos de inscripci\u00f3n realizados.<br>3.\u00aa El participante tambi\u00e9n podr\u00e1 optar por dejar en dep\u00f3sito el coste de su inscripci\u00f3n y mantener su inscripci\u00f3n abierta para cuando esta se pueda realizar en caso de ser aplazada la fecha prevista.<br>4.\u00aa La Organizaci\u00f3n se reserva el derecho de poder modificar los recorridos previstos, si por cualquier circunstancia ajena a su voluntad, no se pudiese transitar por el recorrido dise\u00f1ado y publicitado con anterioridad.<\/p>\n","protected":false},"excerpt":{"rendered":"<p>REGLAMENTO DE LA PRUEBA Art. 1.- El Club Marathon Mallorca, en colaboraci\u00f3n con la Federaci\u00f3 d\u2019Atletisme de les Illes Balears, organizar\u00e1 la \u201cI TRAIL-RUNNING PALMA SKY LINE &#8211; NIGHT\u201d y [&hellip;]<\/p>\n","protected":false},"author":1,"featured_media":0,"parent":0,"menu_order":0,"comment_status":"closed","ping_status":"closed","template":"fullwidth.php","meta":{"_EventAllDay":false,"_EventTimezone":"","_EventStartDate":"","_EventEndDate":"","_EventStartDateUTC":"","_EventEndDateUTC":"","_EventShowMap":false,"_EventShowMapLink":false,"_EventURL":"","_EventCost":"","_EventCostDescription":"","_EventCurrencySymbol":"","_EventCurrencyCode":"","_EventCurrencyPosition":"","_EventDateTimeSeparator":"","_EventTimeRangeSeparator":"","_EventOrganizerID":[],"_EventVenueID":[],"_OrganizerEmail":"","_OrganizerPhone":"","_OrganizerWebsite":"","_VenueAddress":"","_VenueCity":"","_VenueCountry":"","_VenueProvince":"","_VenueState":"","_VenueZip":"","_VenuePhone":"","_VenueURL":"","_VenueStateProvince":"","_VenueLat":"","_VenueLng":"","_VenueShowMap":false,"_VenueShowMapLink":false,"footnotes":""},"class_list":["post-281","page","type-page","status-publish","hentry"],"_links":{"self":[{"href":"https:\/\/marathonmallorca.es\/index.php?rest_route=\/wp\/v2\/pages\/281","targetHints":{"allow":["GET"]}}],"collection":[{"href":"https:\/\/marathonmallorca.es\/index.php?rest_route=\/wp\/v2\/pages"}],"about":[{"href":"https:\/\/marathonmallorca.es\/index.php?rest_route=\/wp\/v2\/types\/page"}],"author":[{"embeddable":true,"href":"https:\/\/marathonmallorca.es\/index.php?rest_route=\/wp\/v2\/users\/1"}],"replies":[{"embeddable":true,"href":"https:\/\/marathonmallorca.es\/index.php?rest_route=%2Fwp%2Fv2%2Fcomments&post=281"}],"version-history":[{"count":4,"href":"https:\/\/marathonmallorca.es\/index.php?rest_route=\/wp\/v2\/pages\/281\/revisions"}],"predecessor-version":[{"id":320,"href":"https:\/\/marathonmallorca.es\/index.php?rest_route=\/wp\/v2\/pages\/281\/revisions\/320"}],"wp:attachment":[{"href":"https:\/\/marathonmallorca.es\/index.php?rest_route=%2Fwp%2Fv2%2Fmedia&parent=281"}],"curies":[{"name":"wp","href":"https:\/\/api.w.org\/{rel}","templated":true}]}}