{"id":351,"date":"2021-11-15T07:30:32","date_gmt":"2021-11-15T07:30:32","guid":{"rendered":"https:\/\/marathonmallorca.es\/?page_id=351"},"modified":"2026-03-10T12:26:34","modified_gmt":"2026-03-10T12:26:34","slug":"inicio","status":"publish","type":"page","link":"https:\/\/marathonmallorca.es\/?page_id=351&lang=es","title":{"rendered":"Inicio"},"content":{"rendered":"\n<div class=\"wp-block-nk-awb nk-awb nk-awb-fullheight nk-awb-content-valign-bottom\"><div class=\"nk-awb-wrap\" data-awb-type=\"yt_vm_video\" data-awb-video=\"https:\/\/www.youtube.com\/watch?v=t7WvbN3lSJI\" data-awb-video-mobile=\"true\"><div class=\"nk-awb-inner\"><\/div><\/div><div class=\"nk-awb-wrap-content has-global-padding is-layout-constrained wp-block-nk-awb-is-layout-constrained\">\n<p><\/p>\n\n\n<div\n\t\tclass=\"free align wp-block-ctb-countdown-time\"\tid='ctbCountdownTime-1'\n\tdata-nonce='&quot;241c9b58d2&quot;'\n\tdata-attributes='{&quot;destDate&quot;:&quot;2026-03-22T09:00:00&quot;,&quot;align&quot;:&quot;&quot;,&quot;layout&quot;:&quot;default&quot;,&quot;isResponsive&quot;:true,&quot;boxIsInline&quot;:false,&quot;boxPosition&quot;:&quot;center&quot;,&quot;isLabels&quot;:true,&quot;isDays&quot;:true,&quot;daysLabel&quot;:&quot;Days&quot;,&quot;isHours&quot;:true,&quot;hoursLabel&quot;:&quot;Hours&quot;,&quot;isMinutes&quot;:true,&quot;minutesLabel&quot;:&quot;Minutes&quot;,&quot;isSeconds&quot;:true,&quot;secondsLabel&quot;:&quot;Seconds&quot;,&quot;isExpired&quot;:false,&quot;hideOn0&quot;:false,&quot;hideOnMobile&quot;:false,&quot;hideOnTablet&quot;:false,&quot;prefixSuffixDirection&quot;:&quot;row&quot;,&quot;prefixText&quot;:&quot;&quot;,&quot;suffixButtonText&quot;:&quot;&quot;,&quot;suffixButtonUrl&quot;:&quot;#&quot;,&quot;addID&quot;:&quot;&quot;,&quot;addClass&quot;:&quot;&quot;,&quot;addCSS&quot;:&quot;&quot;,&quot;width&quot;:&quot;0px&quot;,&quot;background&quot;:{&quot;color&quot;:&quot;#0000&quot;},&quot;padding&quot;:{&quot;vertical&quot;:&quot;10px&quot;,&quot;horizontal&quot;:&quot;15px&quot;},&quot;shadow&quot;:[],&quot;alignment&quot;:&quot;center&quot;,&quot;boxBG&quot;:{&quot;type&quot;:&quot;gradient&quot;,&quot;color&quot;:&quot;#146EF5&quot;,&quot;gradient&quot;:&quot;linear-gradient(135deg, #0040E3, #18D4FD)&quot;},&quot;boxWidth&quot;:&quot;170px&quot;,&quot;boxHeight&quot;:&quot;120px&quot;,&quot;boxSpace&quot;:&quot;30px&quot;,&quot;boxBorder&quot;:{&quot;radius&quot;:&quot;5%&quot;},&quot;boxShadow&quot;:[],&quot;digitTypo&quot;:{&quot;fontSize&quot;:{&quot;desktop&quot;:&quot;48px&quot;,&quot;tablet&quot;:&quot;40px&quot;,&quot;mobile&quot;:&quot;32px&quot;}},&quot;digitColor&quot;:&quot;#fff&quot;,&quot;labelTypo&quot;:{&quot;fontSize&quot;:{&quot;desktop&quot;:&quot;18px&quot;,&quot;tablet&quot;:&quot;17px&quot;,&quot;mobile&quot;:&quot;16px&quot;}},&quot;labelColor&quot;:&quot;#fff&quot;,&quot;isDaysSingleStyle&quot;:false,&quot;daysBG&quot;:{&quot;type&quot;:&quot;gradient&quot;,&quot;color&quot;:&quot;#146EF5&quot;,&quot;gradient&quot;:&quot;linear-gradient(135deg, #0040E3, #18D4FD)&quot;},&quot;daysDigitColor&quot;:&quot;#fff&quot;,&quot;daysLabelColor&quot;:&quot;#fff&quot;,&quot;isHoursSingleStyle&quot;:false,&quot;hoursBG&quot;:{&quot;type&quot;:&quot;gradient&quot;,&quot;color&quot;:&quot;#146EF5&quot;,&quot;gradient&quot;:&quot;linear-gradient(135deg, #0040E3, #18D4FD)&quot;},&quot;hoursDigitColor&quot;:&quot;#fff&quot;,&quot;hoursLabelColor&quot;:&quot;#fff&quot;,&quot;isMinutesSingleStyle&quot;:false,&quot;minutesBG&quot;:{&quot;type&quot;:&quot;gradient&quot;,&quot;color&quot;:&quot;#146EF5&quot;,&quot;gradient&quot;:&quot;linear-gradient(135deg, #0040E3, #18D4FD)&quot;},&quot;minutesDigitColor&quot;:&quot;#fff&quot;,&quot;minutesLabelColor&quot;:&quot;#fff&quot;,&quot;isSecondsSingleStyle&quot;:false,&quot;secondsBG&quot;:{&quot;type&quot;:&quot;gradient&quot;,&quot;color&quot;:&quot;#146EF5&quot;,&quot;gradient&quot;:&quot;linear-gradient(135deg, #0040E3, #18D4FD)&quot;},&quot;secondsDigitColor&quot;:&quot;#fff&quot;,&quot;secondsLabelColor&quot;:&quot;#fff&quot;,&quot;isSep&quot;:false,&quot;sepType&quot;:&quot;:&quot;,&quot;sepSize&quot;:52,&quot;sepColor&quot;:&quot;#146EF5&quot;,&quot;prefixTextTypo&quot;:{&quot;fontSize&quot;:{&quot;desktop&quot;:&quot;15px&quot;}},&quot;prefixTextColor&quot;:&quot;#222&quot;,&quot;suffixButtonTypo&quot;:{&quot;fontSize&quot;:{&quot;desktop&quot;:&quot;16px&quot;}},&quot;suffixButtonColors&quot;:{&quot;color&quot;:&quot;#fff&quot;,&quot;bg&quot;:&quot;#222&quot;},&quot;suffixButtonPadding&quot;:{&quot;vertical&quot;:&quot;14px&quot;,&quot;horizontal&quot;:&quot;28px&quot;},&quot;isDismiss&quot;:false,&quot;dismissColor&quot;:&quot;#333&quot;}'\n\tdata-content='&quot;&quot;'\n><\/div><\/div><\/div>\n\n\n\n<div style=\"height:100px\" aria-hidden=\"true\" class=\"wp-block-spacer\"><\/div>\n\n\n\n<figure class=\"wp-block-image aligncenter size-large is-resized\"><img loading=\"lazy\" decoding=\"async\" width=\"819\" height=\"1024\" src=\"https:\/\/marathonmallorca.es\/wp-content\/uploads\/2026\/03\/Cartel-Mitja-Palma-819x1024.jpeg\" alt=\"Media Marat\u00f3n Ciudad de Palma Running Mallorca Islas Baleares\" class=\"wp-image-992\" style=\"width:500px\" srcset=\"https:\/\/marathonmallorca.es\/wp-content\/uploads\/2026\/03\/Cartel-Mitja-Palma-819x1024.jpeg 819w, https:\/\/marathonmallorca.es\/wp-content\/uploads\/2026\/03\/Cartel-Mitja-Palma-240x300.jpeg 240w, https:\/\/marathonmallorca.es\/wp-content\/uploads\/2026\/03\/Cartel-Mitja-Palma-768x960.jpeg 768w, https:\/\/marathonmallorca.es\/wp-content\/uploads\/2026\/03\/Cartel-Mitja-Palma.jpeg 1080w\" sizes=\"auto, (max-width: 819px) 100vw, 819px\" \/><\/figure>\n\n\n\n<div style=\"height:100px\" aria-hidden=\"true\" class=\"wp-block-spacer\"><\/div>\n\n\n\n<div class=\"wp-block-columns is-layout-flex wp-container-core-columns-is-layout-28f84493 wp-block-columns-is-layout-flex\">\n<div class=\"wp-block-column is-layout-flow wp-block-column-is-layout-flow\" style=\"flex-basis:15%\"><\/div>\n\n\n\n<div class=\"wp-block-column is-layout-flow wp-block-column-is-layout-flow\">\n<p><strong>ENTREGA DE DORSALES:<\/strong><\/p>\n\n\n\n<ul class=\"wp-block-list\">\n<li>Jueves: 19 marzo de 16.00 a 20.00 h.<\/li>\n\n\n\n<li>Viernes 20 marzo de 10.oo a 20.00 h.<\/li>\n\n\n\n<li>S\u00e1bado: 21 marzo de 10.00 a 20.00 h.<br>En el Centro Comercial EL CORTE INGL\u00c9S (Secci\u00f3n Deportes), Avda. Alejandro Rossell\u00f3, 12-16, 7.a planta de Palma<\/li>\n<\/ul>\n\n\n\n<hr class=\"wp-block-separator has-css-opacity is-style-wide is-style-wide--2\"\/>\n\n\n\n<figure class=\"wp-block-image aligncenter size-full\"><a href=\"https:\/\/www.balearia.com\" target=\"_blank\" rel=\" noreferrer noopener\"><img loading=\"lazy\" decoding=\"async\" width=\"728\" height=\"90\" src=\"https:\/\/marathonmallorca.es\/wp-content\/uploads\/2021\/04\/728x90.jpg\" alt=\"\" class=\"wp-image-307\" srcset=\"https:\/\/marathonmallorca.es\/wp-content\/uploads\/2021\/04\/728x90.jpg 728w, https:\/\/marathonmallorca.es\/wp-content\/uploads\/2021\/04\/728x90-300x37.jpg 300w\" sizes=\"auto, (max-width: 728px) 100vw, 728px\" \/><\/a><\/figure>\n\n\n\n<p>Disfrutas del turismo deportivo, <strong>est\u00e1s de surte!!!<\/strong><\/p>\n\n\n\n<p>Viaja a cualquiera de nuestras islas a participar en nuestras pruebas y benef\u00edciate de nuestros codigos de descuento.<\/p>\n\n\n\n<p>Rutas interislas:<\/p>\n\n\n\n<ul class=\"wp-block-list\">\n<li><strong>ELITEMENORCA35<\/strong> (35% si se viaja en coche)<\/li>\n\n\n\n<li><strong>ELITEMENORCA15<\/strong> (15% si no se viaja sin coche)<\/li>\n<\/ul>\n\n\n\n<p>Ruta Pen\u00ednsula-Menorca:<\/p>\n\n\n\n<ul class=\"wp-block-list\">\n<li>&nbsp;<strong>ELITE20<\/strong> (20% de descuento)<\/li>\n<\/ul>\n\n\n\n<p>Imprescindible presentar la inscripci\u00f3n de la prueba para obtener la tarjeta de embarque.<\/p>\n\n\n\n<hr class=\"wp-block-separator has-css-opacity\"\/>\n<\/div>\n\n\n\n<div class=\"wp-block-column is-layout-flow wp-block-column-is-layout-flow\" style=\"flex-basis:10%\"><\/div>\n<\/div>\n","protected":false},"excerpt":{"rendered":"<p>ENTREGA DE DORSALES: Disfrutas del turismo deportivo, est\u00e1s de surte!!! Viaja a cualquiera de nuestras islas a participar en nuestras pruebas y benef\u00edciate de nuestros codigos de descuento. Rutas interislas: [&hellip;]<\/p>\n","protected":false},"author":1,"featured_media":0,"parent":0,"menu_order":0,"comment_status":"closed","ping_status":"closed","template":"","meta":{"_EventAllDay":false,"_EventTimezone":"","_EventStartDate":"","_EventEndDate":"","_EventStartDateUTC":"","_EventEndDateUTC":"","_EventShowMap":false,"_EventShowMapLink":false,"_EventURL":"","_EventCost":"","_EventCostDescription":"","_EventCurrencySymbol":"","_EventCurrencyCode":"","_EventCurrencyPosition":"","_EventDateTimeSeparator":"","_EventTimeRangeSeparator":"","_EventOrganizerID":[],"_EventVenueID":[],"_OrganizerEmail":"","_OrganizerPhone":"","_OrganizerWebsite":"","_VenueAddress":"","_VenueCity":"","_VenueCountry":"","_VenueProvince":"","_VenueState":"","_VenueZip":"","_VenuePhone":"","_VenueURL":"","_VenueStateProvince":"","_VenueLat":"","_VenueLng":"","_VenueShowMap":false,"_VenueShowMapLink":false,"footnotes":""},"class_list":["post-351","page","type-page","status-publish","hentry"],"_links":{"self":[{"href":"https:\/\/marathonmallorca.es\/index.php?rest_route=\/wp\/v2\/pages\/351","targetHints":{"allow":["GET"]}}],"collection":[{"href":"https:\/\/marathonmallorca.es\/index.php?rest_route=\/wp\/v2\/pages"}],"about":[{"href":"https:\/\/marathonmallorca.es\/index.php?rest_route=\/wp\/v2\/types\/page"}],"author":[{"embeddable":true,"href":"https:\/\/marathonmallorca.es\/index.php?rest_route=\/wp\/v2\/users\/1"}],"replies":[{"embeddable":true,"href":"https:\/\/marathonmallorca.es\/index.php?rest_route=%2Fwp%2Fv2%2Fcomments&post=351"}],"version-history":[{"count":46,"href":"https:\/\/marathonmallorca.es\/index.php?rest_route=\/wp\/v2\/pages\/351\/revisions"}],"predecessor-version":[{"id":1001,"href":"https:\/\/marathonmallorca.es\/index.php?rest_route=\/wp\/v2\/pages\/351\/revisions\/1001"}],"wp:attachment":[{"href":"https:\/\/marathonmallorca.es\/index.php?rest_route=%2Fwp%2Fv2%2Fmedia&parent=351"}],"curies":[{"name":"wp","href":"https:\/\/api.w.org\/{rel}","templated":true}]}}