{"id":524,"date":"2022-03-22T07:59:48","date_gmt":"2022-03-22T07:59:48","guid":{"rendered":"https:\/\/marathonmallorca.es\/?page_id=524"},"modified":"2025-06-11T10:47:20","modified_gmt":"2025-06-11T10:47:20","slug":"reglament-mitja-marato","status":"publish","type":"page","link":"https:\/\/marathonmallorca.es\/?page_id=524","title":{"rendered":"Reglament Mitja Marat\u00f3"},"content":{"rendered":"\n<figure class=\"wp-block-image aligncenter size-medium\"><img loading=\"lazy\" decoding=\"async\" width=\"240\" height=\"300\" src=\"https:\/\/marathonmallorca.es\/wp-content\/uploads\/2025\/06\/Cartell-mitja-palma-26-240x300.png\" alt=\"\" class=\"wp-image-944\" srcset=\"https:\/\/marathonmallorca.es\/wp-content\/uploads\/2025\/06\/Cartell-mitja-palma-26-240x300.png 240w, https:\/\/marathonmallorca.es\/wp-content\/uploads\/2025\/06\/Cartell-mitja-palma-26-819x1024.png 819w, https:\/\/marathonmallorca.es\/wp-content\/uploads\/2025\/06\/Cartell-mitja-palma-26-768x960.png 768w, https:\/\/marathonmallorca.es\/wp-content\/uploads\/2025\/06\/Cartell-mitja-palma-26.png 960w\" sizes=\"auto, (max-width: 240px) 100vw, 240px\" \/><\/figure>\n\n\n\n<p><strong>Sortida :<\/strong> 10h Av. Adolfo Su\u00e1rez-Parc de la Mar de Palma de Mallorca davant la catedral.<\/p>\n\n\n\n<p><strong>Arribada :<\/strong> Parc de la Mar, davant de la Catedral, al costat del mural de Joan Mir\u00f3.<\/p>\n\n\n\n<p><strong>Recorregut: <\/strong>Tancat al tr\u00e0nsit pel Passeig Mar\u00edtim, Passeig Sagrera, Autovia de Llevant i centre de Palma.<\/p>\n\n\n\n<p><strong>Avituallaments:<\/strong> Aigua a Kms. 5 &#8211; 1O &#8211; 15 i en arribada.<\/p>\n\n\n\n<p><strong>Temps l\u00edmit:<\/strong> A les 2:30 hores de l&#8217;inici de la competici\u00f3 es tancar\u00e0 el control.<\/p>\n\n\n\n<p><strong>Edat m\u00ednima:<\/strong> 18 anys complerts el dia de la prova i fins a 69 anys com a m\u00e0xim.<br>(En els 10 Kms hi haur\u00e0 categories per a M \u2013 W 70)<\/p>\n\n\n\n<p><strong>Guarda-roba:<\/strong> En sortida i arribada, hi haur\u00e0 servei guarda-roba que tingui cura de les pertinences dels atletes.<\/p>\n\n\n\n<p><strong>Control i resultats:<\/strong> Es realitzar\u00e0 mitjan\u00e7ant sistema ChampionChip per ELITECHIP.<\/p>\n\n\n\n<p><strong>Reclamacions:<\/strong> Es cursaran al director de la prova per escrit, dins dels 30 minuts posteriors de notificar-se els resultats, previ dip\u00f2sit de 50 euros.<\/p>\n\n\n<p><b>Categories:<\/b><\/p>\n<table>\n<tbody>\n<tr>\n<td>Masculino<\/td>\n<td>Femenino<\/td>\n<\/tr>\n<tr>\n<td>Absoluta M: 3 primeros de la general<\/td>\n<td>Absoluta F:3 primeras de la general<\/td>\n<\/tr>\n<tr>\n<td>J\u00fanior: 18-19 a\u00f1os<\/td>\n<td>J\u00fanior: 18-19 a\u00f1os<\/td>\n<\/tr>\n<tr>\n<td>Promesa: 20-22 a\u00f1os<\/td>\n<td>Promesa: 20-22 a\u00f1os<\/td>\n<\/tr>\n<tr>\n<td>Senior: 23-34 a\u00f1os<\/td>\n<td>Senior: 23-34 a\u00f1os<\/td>\n<\/tr>\n<tr>\n<td>Veteranos \u00abA\u00bb: 35-39 a\u00f1os<\/td>\n<td>Veteranas \u00abA\u00bb: 35-39 a\u00f1os<\/td>\n<\/tr>\n<tr>\n<td>Veteranos \u00abB\u00bb: 40-44 a\u00f1os<\/td>\n<td>Veteranas \u00abB\u00bb: 40-44 a\u00f1os<\/td>\n<\/tr>\n<tr>\n<td>Veteranos \u00abC\u00bb: 45-49 a\u00f1os<\/td>\n<td>Veteranas \u00abC\u00bb: 45-49 a\u00f1os<\/td>\n<\/tr>\n<tr>\n<td>Veteranos \u00abD\u00bb: 50-54 a\u00f1os<\/td>\n<td>Veteranas \u00abD\u00bb: 50-54 a\u00f1os<\/td>\n<\/tr>\n<tr>\n<td>Veteranos \u00abE\u00bb: 55-59 a\u00f1os<\/td>\n<td>Veteranas \u00abE\u00bb: 55-59 a\u00f1os<\/td>\n<\/tr>\n<tr>\n<td>Veteranos \u00abF\u00bb: 60-64 a\u00f1os<\/td>\n<td>Veteranas \u00abF\u00bb: 60-64 a\u00f1os<\/td>\n<\/tr>\n<tr>\n<td>Veteranos \u00abG\u00bb: 65-69 a\u00f1os<\/td>\n<td>Veteranas \u00abG\u00bb: 65-69 a\u00f1os<\/td>\n<\/tr>\n<\/tbody>\n<\/table>\n<p><strong>NOTA:NO S&#8217;ADMETRAN INSCRIPCIONS EN AQUESTA MITJA MARAT\u00d3 DE PERSONES AMB M\u00c9S DE 70 ANYS D&#8217;EDAT, PER LA PR\u00d2PIA SEGURETAT I SALUT DEL PARTICIPANT<\/strong><\/p>\n<p><strong>Obsequis:<\/strong> En retirar el dorsal cada atleta rebr\u00e0 una bossa de regals i en entrar a meta rebran un obsequi commemoratiu de la cursa.<\/p>\n<p><strong>Metge Carrera:<\/strong> Hi haur\u00e0 un Metge de Carrera, responsable dels serveis m\u00e8dics.<\/p>\n<p>Tots els participants amb problemes f\u00edsics, respiratoris, al\u00b7l\u00e8rgies, etc., que requereixin atencions especials, ho hauran de fer saber a l&#8217;Organitzaci\u00f3 abans d&#8217;iniciar la competici\u00f3, fent-ne refer\u00e8ncia al tramitar la inscripci\u00f3, i el dia de la competici\u00f3 faran const\u00e0ncia escrita a la part posterior del dorsal, del problema m\u00e8dic espec\u00edfic.<\/p>\n<p>Els atletes m\u00e9s grans de 40 anys han de disposar d&#8217;un certificat m\u00e8dic que n&#8217;acrediti l&#8217;aptitud f\u00edsica.<\/p>\n<p><strong>Ambul\u00e0ncies:<\/strong> Hi haur\u00e0 un servei d&#8217;ambul\u00e0ncies a la sortida i arribada i en diversos punts del recorregut.<\/p>\n<p><strong>Asseguran\u00e7a Carrera:<\/strong> Els participants estan coberts per una p\u00f2lissa d&#8217;assegurances d&#8217;accidents i de responsabilitat civil, que cobrir\u00e0 el tractament de les lesions que es produeixin els atletes, com a conseq\u00fc\u00e8ncia directa del desenvolupament de la prova, i mai com a derivaci\u00f3 d&#8217;un patiment o tara latent, imprud\u00e8ncia, neglig\u00e8ncia, inobservan\u00e7a de les lleis i de les normes establertes per l&#8217;Organitzaci\u00f3, o pels danys produ\u00efts als despla\u00e7aments al lloc on es desenvolupa la prova, o d&#8217;aquest a la resid\u00e8ncia dels atletes.<\/p>\n<p><strong>Seguretat Carrera:<\/strong> Policia Local de Palma, Policia del Port de Palma i l&#8217;Organitzaci\u00f3, s\u00f3n els encarregats de la seguretat de carrera, els atletes obeiran totes les indicacions que rebin de les persones encarregades de la seva seguretat.<\/p>\n<p><strong>LLIURAMENT DE DORSALS:<\/strong><\/p>\n<p>Jueves: 19 de mar\u00e7 de 16.00 a 20.00 h.<br \/>Divendres: 20 de mar\u00e7 de 10.00 a 20.00 h.<br \/>Dissabte: 21 de mar\u00e7 de 10.00 a 20.00 h.<br \/>Al Centre Comercial EL CORTE INGLES (Secci\u00f3 Esports), Avda. Alejandro Rossell\u00f3, 12-16, 7a planta de Palma<\/p>\n<p><strong>TROFEUS \u201cAJUNTAMENT DE PALMA\u201d<\/strong><\/p>\n<p>3 primers atletes absoluts masculins<br \/>3 primers atletes absoluts masculins<br \/>3 trofeus als guanyadors de cada categoria<\/p>\n<p><strong>PREMIS MATERIAL ESPORTIU O EN AJUDES DE VIATGE GUANYADORS<\/strong><br \/><strong>GENERAL ABSOLUTA MASCUL\u00cd I FEMENINA<\/strong><\/p>\n<p>1\u20442 MARAT\u00d3\u00a0\u00a0\u00a0\u00a0\u00a0\u00a0\u00a0\u00a0\u00a0\u00a0\u00a0\u00a0\u00a0\u00a0\u00a0\u00a0\u00a0\u00a0\u00a0\u00a0\u00a0\u00a0\u00a0\u00a0\u00a0\u00a0\u00a0\u00a0\u00a0\u00a0\u00a0\u00a0\u00a0 10 KMS<br \/>1.- 900,- EUROS\u00a0\u00a0\u00a0\u00a0\u00a0\u00a0\u00a0\u00a0\u00a0\u00a0\u00a0\u00a0\u00a0\u00a0\u00a0\u00a0\u00a0\u00a0\u00a0\u00a0 1.-300,- EUROS<br \/>2.- 700,- EUROS\u00a0\u00a0\u00a0\u00a0\u00a0\u00a0\u00a0\u00a0\u00a0\u00a0\u00a0\u00a0\u00a0\u00a0\u00a0\u00a0\u00a0\u00a0\u00a0 2.-250,- EUROS<br \/>3.- 500,- EUROS\u00a0\u00a0\u00a0\u00a0\u00a0\u00a0\u00a0\u00a0\u00a0\u00a0\u00a0\u00a0\u00a0\u00a0\u00a0\u00a0\u00a0\u00a0\u00a0 3.-200,- EUROS<br \/>4.- 400,- EUROS<br \/>5.-300,- EUROS<\/p>\n<p>NOTA: Per poder optar a aquests premis econ\u00f2mics, s&#8217;hauran de realitzar marques inferiors a la prova de 1\u20442 marat\u00f3 de 1 h. 10 minuts en categoria absoluta masculina i de 1h. 18 minuts en categoria absoluta femenina.<br \/>A la prova de 10 kms les marques hauran de ser inferiors a 30 minuts 30 segons en categoria masculina i de 33 minuts i 30 segons en categoria femenina.<\/p>\n<p><strong>CONDICIONS GENERALS<\/strong><\/p>\n<p>El fet d&#8217;inscriure&#8217;s i prendre part a la prova implica la total acceptaci\u00f3 de les presents normes, aix\u00ed com d&#8217;altres<br \/>disposicions que per qualsevol causa pogu\u00e9s prendre al seu moment l&#8217;Organitzaci\u00f3.<br \/>L&#8217;Organitzaci\u00f3 es reserva la facultat de desqualificar o expulsar de la competici\u00f3 els atletes, que falsifiquin dades sobre la seva personalitat, no completin el recorregut, tinguin una actitud antiesportiva amb altres participants, etc.<br \/>Els atletes en facilitaran la identificaci\u00f3 a l&#8217;Organitzaci\u00f3, en cas que aquesta ho requereixi.<br \/>S&#8217;impedeix l&#8217;acc\u00e9s al circuit i prendre part a la prova, atletes sense dorsal que no hagin efectuat la inscripci\u00f3<br \/>reglament\u00e0ria.<br \/>Els participants es consideren a si mateixos aptes, f\u00edsicament i siquicament, per prendre part a la competici\u00f3, i es fan<br \/>totalment responsables de qualsevol dany que pugui patir la seva persona, fora de la gravetat que fos.<br \/>L&#8217;Organitzaci\u00f3 declina tota responsabilitat pels danys morals, f\u00edsics i materials que els participants puguin patir.<\/p>\n<p><strong>DISPOSICIONS ESPECIALS<\/strong><\/p>\n<p>1a &#8211; Aquestes normes es fan p\u00fabliques amb car\u00e0cter provisional, l&#8217;Organitzaci\u00f3 es reserva el dret de poder canviar-les,<br \/>segons les seves necessitats i criteris, cosa que seria notificada als participants, pr\u00e8viament a l&#8217;inici de la competici\u00f3.<br \/>2a &#8211; Si per qualsevol causa aliena a la voluntat de l&#8217;Organitzaci\u00f3: pand\u00e8mies, actes terroristes, cat\u00e0strofes naturals,<br \/>autoritzaci\u00f3 governativa, etc., la prova no es pot fer en la data programada, l&#8217;Organitzaci\u00f3 no far\u00e0 devoluci\u00f3 de l&#8217;import<br \/>de la inscripci\u00f3 realitzada per l&#8217;atleta participant o persona autoritzada, ja que l&#8217;atleta seguir\u00e0 inscrit a la prova fins que<br \/>aquesta es pugui desenvolupar en una altra nova i futura data, que ser\u00e0 comunicada oportunament a tots els atletes<br \/>inscrits.<br \/>3a &#8211; En cas que l&#8217;atleta inscrit no pogu\u00e9s prendre part a la prova per motius justificables (lesi\u00f3, malaltia, o impossibilitat d&#8217;estar f\u00edsicament aquest dia a Palma), l&#8217;Organitzaci\u00f3 no tornar\u00e0 l&#8217;import de la inscripci\u00f3 realitzada per a aquesta edici\u00f3, despr\u00e9s de justificaci\u00f3 pr\u00e8via escrita i acceptada per l&#8217;Organitzaci\u00f3, la seva inscripci\u00f3 passar\u00e0 a una propera edici\u00f3 de la prova.<br \/>4a &#8211; Si els atletes participants volen cancel\u00b7lar definitivament la seva inscripci\u00f3 a la prova, sigui per la ra\u00f3<br \/>que fos, nom\u00e9s se&#8217;ls tornar\u00e0 el 75% de l&#8217;import de la inscripci\u00f3, el 25% restant quedar\u00e0 en poder de<br \/>l&#8217;organitzaci\u00f3 per sufragar els despeses de gesti\u00f3 que la inscripci\u00f3 de l&#8217;atleta hagi ocasionat o ocasioni a<br \/>l&#8217;organitzaci\u00f3, i el participant haur\u00e0 de fer aquesta reclamaci\u00f3 per escrit fent expressa aquesta<br \/>conformitat.<br \/>5a Si per q\u00fcestions d&#8217;emerg\u00e8ncia sanit\u00e0ria a la Comunitat Aut\u00f2noma de les Illes Balears, en la data<br \/>indicada per a la celebraci\u00f3 de la prova, aquesta no es pogu\u00e9s organitzar, l&#8217;organitzaci\u00f3 comunicar\u00e0 com<br \/>m\u00e9s aviat millor: via e-mail, wasaps, webs, etc., a tots els participants inscrits la nova data prevista per a la<br \/>celebraci\u00f3 de la competici\u00f3.<\/p>","protected":false},"excerpt":{"rendered":"<p>Sortida : 10h Av. Adolfo Su\u00e1rez-Parc de la Mar de Palma de Mallorca davant la catedral. Arribada : Parc de la Mar, davant de la Catedral, al costat del mural [&hellip;]<\/p>\n","protected":false},"author":1,"featured_media":0,"parent":0,"menu_order":0,"comment_status":"closed","ping_status":"closed","template":"fullwidth.php","meta":{"_EventAllDay":false,"_EventTimezone":"","_EventStartDate":"","_EventEndDate":"","_EventStartDateUTC":"","_EventEndDateUTC":"","_EventShowMap":false,"_EventShowMapLink":false,"_EventURL":"","_EventCost":"","_EventCostDescription":"","_EventCurrencySymbol":"","_EventCurrencyCode":"","_EventCurrencyPosition":"","_EventDateTimeSeparator":"","_EventTimeRangeSeparator":"","_EventOrganizerID":[],"_EventVenueID":[],"_OrganizerEmail":"","_OrganizerPhone":"","_OrganizerWebsite":"","_VenueAddress":"","_VenueCity":"","_VenueCountry":"","_VenueProvince":"","_VenueState":"","_VenueZip":"","_VenuePhone":"","_VenueURL":"","_VenueStateProvince":"","_VenueLat":"","_VenueLng":"","_VenueShowMap":false,"_VenueShowMapLink":false,"footnotes":""},"class_list":["post-524","page","type-page","status-publish","hentry"],"_links":{"self":[{"href":"https:\/\/marathonmallorca.es\/index.php?rest_route=\/wp\/v2\/pages\/524","targetHints":{"allow":["GET"]}}],"collection":[{"href":"https:\/\/marathonmallorca.es\/index.php?rest_route=\/wp\/v2\/pages"}],"about":[{"href":"https:\/\/marathonmallorca.es\/index.php?rest_route=\/wp\/v2\/types\/page"}],"author":[{"embeddable":true,"href":"https:\/\/marathonmallorca.es\/index.php?rest_route=\/wp\/v2\/users\/1"}],"replies":[{"embeddable":true,"href":"https:\/\/marathonmallorca.es\/index.php?rest_route=%2Fwp%2Fv2%2Fcomments&post=524"}],"version-history":[{"count":18,"href":"https:\/\/marathonmallorca.es\/index.php?rest_route=\/wp\/v2\/pages\/524\/revisions"}],"predecessor-version":[{"id":963,"href":"https:\/\/marathonmallorca.es\/index.php?rest_route=\/wp\/v2\/pages\/524\/revisions\/963"}],"wp:attachment":[{"href":"https:\/\/marathonmallorca.es\/index.php?rest_route=%2Fwp%2Fv2%2Fmedia&parent=524"}],"curies":[{"name":"wp","href":"https:\/\/api.w.org\/{rel}","templated":true}]}}